{"id":28,"date":"2017-10-17T13:55:18","date_gmt":"2017-10-17T13:55:18","guid":{"rendered":"https:\/\/goldschmiede39.de\/F9Rpy2xU4Nk\/?page_id=28"},"modified":"2024-04-26T20:25:30","modified_gmt":"2024-04-26T18:25:30","slug":"werkstatt","status":"publish","type":"page","link":"https:\/\/goldschmiede39.de\/F9Rpy2xU4Nk\/","title":{"rendered":"Werkstatt"},"content":{"rendered":"<h2><\/h2>\n<h2>Willkommen auf meiner Internetseite und viel Spa\u00df beim St\u00f6bern.<\/h2>\n<p>Ich bin Schmuckdesignerin\/Goldschmiedemeisterin mit eigener Werkstatt in Zerbst, Sachsen-Anhalt. Gemeinsam arbeite ich mit einer Gesellin und einem Lehrling.<\/p>\n<p>In meinem Shop finden Sie eine Auswahl von mir entworfenen und gefertigten Schmucks als Einzelst\u00fccke und in Kleinserie.<br \/>\nVom Gie\u00dfen, Walzen, L\u00f6ten, Schmieden, S\u00e4gen und Emaillieren stehen mir alle M\u00f6glichkeiten zur Verf\u00fcgung, um zu experimentieren und eigene Ideen umzusetzen. Ich versuche in meinen Arbeiten den nat\u00fcrlichen Charakter des Materials zu erfassen, um so den St\u00fccken die Pers\u00f6nlichkeit zu geben, die auch der Tr\u00e4ger sp\u00fcrt.<\/p>\n<p>Eine besondere Freude bereitet es mir ganz individuelle Trauringe f\u00fcr Sie zu fertigen.<br \/>\nEinzigartig \u2013 Unikat \u2013 pers\u00f6nlich \u2013 gerne in Verbindung mit Ihren Ideen.<br \/>\nDas von mir verarbeitete Edelmetall wie Silber, Gold, Palladium, Platin und Titan wird aus fairem Handel bezogen.<\/p>\n<p>F\u00fcr Ihre Anfragen stehe ich gern zur Verf\u00fcgung.<br \/>\nIch freue mich auch \u00fcber Ihren Besuch in meiner Werkstatt.<br \/>\nTelefonisch bin ich unter\u00a003923\/3695 zu erreichen.<br \/>\nSie k\u00f6nnen mir aber auch eine E-Mail Schreiben an info@goldschmiede39.de.<\/p>\n<div dir=\"auto\"><strong>Mein zweiter Shop mit dem von mir zugekauften Schmuck mit <a style=\"color: #00ccff;\" href=\"https:\/\/5195.inventorum.com\" target=\"_blank\" rel=\"noopener\">https:\/\/5195.inventorum.com<\/a> ist jetzt freigeschaltet.<\/strong><\/div>\n<div dir=\"auto\"><\/div>\n<p><strong><img loading=\"lazy\" decoding=\"async\" class=\"alignnone  wp-image-1241\" src=\"https:\/\/goldschmiede39.de\/F9Rpy2xU4Nk\/wp-content\/uploads\/2020\/01\/20200109_110239-2-320x320.jpg\" alt=\"\" width=\"165\" height=\"165\" srcset=\"https:\/\/goldschmiede39.de\/F9Rpy2xU4Nk\/wp-content\/uploads\/2020\/01\/20200109_110239-2-320x320.jpg 320w, https:\/\/goldschmiede39.de\/F9Rpy2xU4Nk\/wp-content\/uploads\/2020\/01\/20200109_110239-2-480x480.jpg 480w, https:\/\/goldschmiede39.de\/F9Rpy2xU4Nk\/wp-content\/uploads\/2020\/01\/20200109_110239-2-160x160.jpg 160w, https:\/\/goldschmiede39.de\/F9Rpy2xU4Nk\/wp-content\/uploads\/2020\/01\/20200109_110239-2-360x360.jpg 360w, https:\/\/goldschmiede39.de\/F9Rpy2xU4Nk\/wp-content\/uploads\/2020\/01\/20200109_110239-2-540x540.jpg 540w, https:\/\/goldschmiede39.de\/F9Rpy2xU4Nk\/wp-content\/uploads\/2020\/01\/20200109_110239-2-100x100.jpg 100w, https:\/\/goldschmiede39.de\/F9Rpy2xU4Nk\/wp-content\/uploads\/2020\/01\/20200109_110239-2.jpg 600w\" sizes=\"auto, (max-width: 165px) 100vw, 165px\" \/>\u00a0 <img loading=\"lazy\" decoding=\"async\" class=\"alignnone  wp-image-1239\" src=\"https:\/\/goldschmiede39.de\/F9Rpy2xU4Nk\/wp-content\/uploads\/2020\/01\/20200109_111602-2-320x320.jpg\" alt=\"\" width=\"165\" height=\"165\" srcset=\"https:\/\/goldschmiede39.de\/F9Rpy2xU4Nk\/wp-content\/uploads\/2020\/01\/20200109_111602-2-320x320.jpg 320w, https:\/\/goldschmiede39.de\/F9Rpy2xU4Nk\/wp-content\/uploads\/2020\/01\/20200109_111602-2-480x480.jpg 480w, https:\/\/goldschmiede39.de\/F9Rpy2xU4Nk\/wp-content\/uploads\/2020\/01\/20200109_111602-2-160x160.jpg 160w, https:\/\/goldschmiede39.de\/F9Rpy2xU4Nk\/wp-content\/uploads\/2020\/01\/20200109_111602-2-360x360.jpg 360w, https:\/\/goldschmiede39.de\/F9Rpy2xU4Nk\/wp-content\/uploads\/2020\/01\/20200109_111602-2-540x540.jpg 540w, https:\/\/goldschmiede39.de\/F9Rpy2xU4Nk\/wp-content\/uploads\/2020\/01\/20200109_111602-2-100x100.jpg 100w, https:\/\/goldschmiede39.de\/F9Rpy2xU4Nk\/wp-content\/uploads\/2020\/01\/20200109_111602-2.jpg 600w\" sizes=\"auto, (max-width: 165px) 100vw, 165px\" \/>\u00a0 <img loading=\"lazy\" decoding=\"async\" class=\"alignnone  wp-image-1240\" src=\"https:\/\/goldschmiede39.de\/F9Rpy2xU4Nk\/wp-content\/uploads\/2020\/01\/20200109_110045-2-320x320.jpg\" alt=\"\" width=\"166\" height=\"166\" srcset=\"https:\/\/goldschmiede39.de\/F9Rpy2xU4Nk\/wp-content\/uploads\/2020\/01\/20200109_110045-2-320x320.jpg 320w, https:\/\/goldschmiede39.de\/F9Rpy2xU4Nk\/wp-content\/uploads\/2020\/01\/20200109_110045-2-480x480.jpg 480w, https:\/\/goldschmiede39.de\/F9Rpy2xU4Nk\/wp-content\/uploads\/2020\/01\/20200109_110045-2-160x160.jpg 160w, https:\/\/goldschmiede39.de\/F9Rpy2xU4Nk\/wp-content\/uploads\/2020\/01\/20200109_110045-2-360x360.jpg 360w, https:\/\/goldschmiede39.de\/F9Rpy2xU4Nk\/wp-content\/uploads\/2020\/01\/20200109_110045-2-540x540.jpg 540w, https:\/\/goldschmiede39.de\/F9Rpy2xU4Nk\/wp-content\/uploads\/2020\/01\/20200109_110045-2-100x100.jpg 100w, https:\/\/goldschmiede39.de\/F9Rpy2xU4Nk\/wp-content\/uploads\/2020\/01\/20200109_110045-2.jpg 600w\" sizes=\"auto, (max-width: 166px) 100vw, 166px\" \/><br \/>\n<\/strong><\/p>\n<p><strong>Anke Schmidt-Siegismund<\/strong><br \/>\nSchmuckdesignerin<\/p>\n<ul>\n<li>gelernte Steinfasserin und Goldschmiedemeisterin<\/li>\n<li>seit 1992 eigene\/n Werkstatt und Laden in Zerbst<\/li>\n<li>Mitglied der Kulturaktion e.V. Zerbst<\/li>\n<\/ul>\n","protected":false},"excerpt":{"rendered":"<p>Willkommen auf meiner Internetseite und viel Spa\u00df beim St\u00f6bern. Ich bin Schmuckdesignerin\/Goldschmiedemeisterin mit eigener Werkstatt in Zerbst, Sachsen-Anhalt. Gemeinsam arbeite ich mit einer Gesellin und einem Lehrling. In meinem Shop finden Sie eine Auswahl von mir entworfenen und gefertigten Schmucks als Einzelst\u00fccke und in Kleinserie. Vom Gie\u00dfen, Walzen, L\u00f6ten, Schmieden, S\u00e4gen und Emaillieren stehen mir [&hellip;]<\/p>\n","protected":false},"author":1,"featured_media":1280,"parent":0,"menu_order":0,"comment_status":"closed","ping_status":"closed","template":"","meta":{"footnotes":""},"class_list":["post-28","page","type-page","status-publish","has-post-thumbnail","hentry"],"_links":{"self":[{"href":"https:\/\/goldschmiede39.de\/F9Rpy2xU4Nk\/wp-json\/wp\/v2\/pages\/28","targetHints":{"allow":["GET"]}}],"collection":[{"href":"https:\/\/goldschmiede39.de\/F9Rpy2xU4Nk\/wp-json\/wp\/v2\/pages"}],"about":[{"href":"https:\/\/goldschmiede39.de\/F9Rpy2xU4Nk\/wp-json\/wp\/v2\/types\/page"}],"author":[{"embeddable":true,"href":"https:\/\/goldschmiede39.de\/F9Rpy2xU4Nk\/wp-json\/wp\/v2\/users\/1"}],"replies":[{"embeddable":true,"href":"https:\/\/goldschmiede39.de\/F9Rpy2xU4Nk\/wp-json\/wp\/v2\/comments?post=28"}],"version-history":[{"count":58,"href":"https:\/\/goldschmiede39.de\/F9Rpy2xU4Nk\/wp-json\/wp\/v2\/pages\/28\/revisions"}],"predecessor-version":[{"id":2422,"href":"https:\/\/goldschmiede39.de\/F9Rpy2xU4Nk\/wp-json\/wp\/v2\/pages\/28\/revisions\/2422"}],"wp:featuredmedia":[{"embeddable":true,"href":"https:\/\/goldschmiede39.de\/F9Rpy2xU4Nk\/wp-json\/wp\/v2\/media\/1280"}],"wp:attachment":[{"href":"https:\/\/goldschmiede39.de\/F9Rpy2xU4Nk\/wp-json\/wp\/v2\/media?parent=28"}],"curies":[{"name":"wp","href":"https:\/\/api.w.org\/{rel}","templated":true}]}}