{"id":7,"date":"2017-10-11T10:50:55","date_gmt":"2017-10-11T10:50:55","guid":{"rendered":"https:\/\/goldschmiede39.de\/F9Rpy2xU4Nk\/datenschutzbelehrung\/"},"modified":"2020-01-09T13:36:19","modified_gmt":"2020-01-09T12:36:19","slug":"datenschutzerklaerung","status":"publish","type":"page","link":"https:\/\/goldschmiede39.de\/F9Rpy2xU4Nk\/datenschutzerklaerung\/","title":{"rendered":"Datenschutzerkl\u00e4rung"},"content":{"rendered":"<h4>Grunds\u00e4tze<\/h4>\n<p>Die Betreiber der Website www.goldschmiede39.de nehmen den Schutz Ihrer pers\u00f6nlichen Daten sehr ernst. Wir behandeln Ihre personenbezogenen Daten vertraulich und entsprechend der gesetzlichen Datenschutzvorschriften, insbesondere der <a href=\"https:\/\/dsgvo-gesetz.de\" rel=\"noreferrer noopener\" target=\"_blank\">europ\u00e4ischen Datenschutzgrundverordnung (DSGVO)<\/a> und dem <a href=\"https:\/\/dsgvo-gesetz.de\/bdsg-neu\/\" target=\"_blank\" rel=\"noopener noreferrer\">Bundesdatenschutzgesetz (BDSG)<\/a>.<\/p>\n<p>Wir verwenden modernste Sicherheitsstandards, wie z.B. eine permanente SSL-Verschl\u00fcsselung bei der Daten\u00fcbertragung, sowie die aktuellen php- und MySQL-Versionen bzw. unserer darauf aufbauenden Webanwendung nebst zugeh\u00f6rigen Sicherheitsfeatures\/Sicherheitsplugins, dennoch weisen wir darauf hin, dass die Daten\u00fcbertragung im Internet (z.B. bei der Kommunikation per E-Mail, Kontaktformular) Sicherheitsl\u00fccken aufweisen kann. Ein l\u00fcckenloser Schutz der Daten vor dem Zugriff durch Dritte ist nicht m\u00f6glich. Wir empfehlen daher, vertrauliche Informationen ausschlie\u00dflich auf dem Postweg per Einschreiben zu senden.<\/p>\n<p>Alle Daten werden grunds\u00e4tzlich bei der betroffenen Person erhoben, Art. 14 DSGVO ist daher insgesamt nicht zutreffend.<\/p>\n<h4>Informationspflichten nach Art. 13 DSGVO Abs. (1)<\/h4>\n<p>zu a) <strong>Verantwortlich<\/strong> f\u00fcr die Erhebung, Speicherung und Verarbeitung der personenbezogenen Daten ist<br \/>\nAnke Schmidt-Siegismund<br \/>\nAlte Br\u00fccke 39<br \/>\n39261 Zerbst\/Anhalt<br \/>\nE-Mail: info@goldschmiede39.de<br \/>\nTel\/Fax: 03923 \/ 3695<\/p>\n<p>zu b) Es gibt keinen Datenschutzbeauftragten.<\/p>\n<p>zu c) Das <strong>Kontaktformular<\/strong> dient der Vertragsanbahnung bzw. bei bestehenden Gesch\u00e4ftsbeziehungen der ordnungsgem\u00e4\u00dfen Durchf\u00fchrung \/ Erf\u00fcllung dieses Vertrages. Die Rechtsgrundlage ist Art. 6, Abs. (1), lit. b) DSGVO.<\/p>\n<p>Die Website verwendet sogenannte technisch notwendige <strong>Cookies<\/strong>. Diese enthalten personenbezogene Daten (Login-Daten, Inhalte des Warenkorbes) und dienen der Vertragsanbahnung bzw. bei bestehenden Gesch\u00e4ftsbeziehungen der ordnungsgem\u00e4\u00dfen Durchf\u00fchrung \/ Erf\u00fcllung dieses Vertrages (hier Kaufvertrag). Die Rechtsgrundlage ist Art. 6, Abs. (1), lit. b) DSGVO.<\/p>\n<p>Bei jedem Aufruf unserer Internetseite erfasst unser System automatisiert Daten und Informationen vom Computersystem des aufrufenden Rechners und speichert diese als sogenannte <strong>Server-Log-Files<\/strong>. Die Server werden von der Firma<br \/>\nAvernis Communications GmbH<br \/>\nMax-Stromeyer-Str. 116<br \/>\n78467 Konstanz<br \/>\nbetrieben.<br \/>\nFolgende Daten werden hierbei erhoben:<br \/>\n(1)\tInformationen \u00fcber den Browsertyp und die verwendete Version<br \/>\n(2)\tDas Betriebssystem des Nutzers<br \/>\n(3)\tDie IP-Adresse des Nutzers<br \/>\n(4)\tDatum, Uhrzeit und Verweildauer des Zugriffs<br \/>\n(5)\tWebsites, von denen das System des Nutzers auf unsere Internetseite gelangt<br \/>\n(6)\tWebsites, die vom System des Nutzers \u00fcber unsere Website aufgerufen werden<br \/>\nDiese Daten werden gleich im ersten Verarbeitungsschritt anonymisiert und dann erst gespeichert. Eine Speicherung dieser Daten zusammen mit anderen personenbezogenen Daten der betroffenen Person findet nicht statt. Der Zweck dieser Daten ist rein statistischer Natur und dient der Verbesserung unseres online-Angebots. Eine Rechtsgrundlage ist daf\u00fcr nicht erforderlich.<\/p>\n<p>Es gibt keinen Newsletter und keine Social-Media-Plugins. Kommentare werden anonymisiert.<\/p>\n<p>zu d) Nicht zutreffend.<\/p>\n<p>zu e) Grunds\u00e4tzlich geben wir Ihre Daten nicht an Dritte weiter. Ausnahmen davon sind, wenn<br \/>\n&#8211; dies zur Vertragsabwicklung mit Ihnen erforderlich ist (Art. 6, Abs. (1), lit. b) DSGVO),<br \/>\n&#8211; wir dazu gesetzlich verpflichtet sind (Art. 6, Abs. (1), lit. c) DSGVO).<br \/>\nIn diesen F\u00e4llen erhalten Sie von uns gesondert Nachricht \u00fcber den Empf\u00e4nger.<br \/>\nzu f) analog zu e)<\/p>\n<h4>Informationspflichten nach Art. 13 DSGVO Abs. (2)<\/h4>\n<p>zu a) Die Daten werden <strong>gel\u00f6scht<\/strong>, sobald sie f\u00fcr die Erreichung des Zweckes ihrer Erhebung nicht mehr erforderlich sind.<\/p>\n<p>Im Falle der Erfassung der Daten zur Bereitstellung der Webseite (technisch erforderliche Cookies) ist dies der Fall, wenn die jeweilige Sitzung beendet ist. Dennoch empfehlen wir von Zeit zu Zeit die Bereinigung Ihres Browsers von alten Cookies \u00fcber die Browsereinstellungen.<br \/>\nVertragsverh\u00e4ltnisse erfordern die Speicherung der personenbezogenen Daten w\u00e4hrend der Vertragslaufzeit. Zudem m\u00fcssen Gew\u00e4hrleistungsfristen beachtet werden und die Speicherung von Daten f\u00fcr steuerliche Zwecke. Welche Speicherfristen hierbei einzuhalten sind, l\u00e4sst sich nicht pauschal festlegen, sondern muss f\u00fcr die jeweils geschlossenen Vertr\u00e4ge und Vertragsparteien im Einzelfall ermittelt werden. Da die Aufbewahrungsfrist von Daten f\u00fcr steuerliche Zwecke 10 Jahre betr\u00e4gt, ist aber von dieser Speicherdauer als Minimum auszugehen.<\/p>\n<p>zu b) Sie haben das Recht auf Auskunft seitens des Verantwortlichen \u00fcber die betreffenden personenbezogenen Daten sowie auf Berichtigung oder L\u00f6schung oder auf Einschr\u00e4nkung der Verarbeitung oder eines Widerspruchsrechts gegen die Verarbeitung sowie des Rechts auf Daten\u00fcbertragbarkeit. Diese Rechte sind in den Artikeln 15 &#8211; 19 DSGVO geregelt.<\/p>\n<p>zu c) Da die Erhebung, Speicherung und Verarbeitung Ihrer Daten nicht auf den Erlaubnistatbestand &#8222;Einwilligung&#8220; beruht, kann diese auch nicht widerrufen werden.<\/p>\n<p>zu d) Sind Sie der Ansicht, bei der Verarbeitung Ihrer Daten in Ihren Rechten verletzt worden zu sein, haben Sie jederzeit ein Beschwerderecht bei der zust\u00e4ndigen <strong>Aufsichtsbeh\u00f6rde<\/strong>, dem Landesdatenschutzbeauftragten des Landes Sachsen-Anhalt.<\/p>\n<p>zu e) Die Bereitstellung Ihrer Daten ist zwingend f\u00fcr die Gesch\u00e4ftsanbahnung bzw. f\u00fcr die Erf\u00fcllung eines bestehenden Vertrages erforderlich. Sofern diese notwendigen Daten nicht vollumf\u00e4nglich bereitgestellt werden, kann bspw. kein Online-Verkauf erfolgen.<\/p>\n<p>zu f) Nicht zutreffend.<\/p>\n<h4>Informationen zu externen Seiten<\/h4>\n<p>Wenn Sie einen Link zu einer externen Seite anklicken, bewegen Sie sich au\u00dferhalb unserer Seite. Wir sind somit nicht verantwortlich f\u00fcr den Inhalt, die Dienste oder Produkte, die auf der verlinkten Webseite angeboten werden und auch nicht f\u00fcr den Datenschutz und die technische Sicherheit auf der verlinkten Webseite. Informieren Sie sich dort ggf. \u00fcber all diese Aspekte.<\/p>\n","protected":false},"excerpt":{"rendered":"<p>Grunds\u00e4tze Die Betreiber der Website www.goldschmiede39.de nehmen den Schutz Ihrer pers\u00f6nlichen Daten sehr ernst. Wir behandeln Ihre personenbezogenen Daten vertraulich und entsprechend der gesetzlichen Datenschutzvorschriften, insbesondere der europ\u00e4ischen Datenschutzgrundverordnung (DSGVO) und dem Bundesdatenschutzgesetz (BDSG). Wir verwenden modernste Sicherheitsstandards, wie z.B. eine permanente SSL-Verschl\u00fcsselung bei der Daten\u00fcbertragung, sowie die aktuellen php- und MySQL-Versionen bzw. unserer darauf [&hellip;]<\/p>\n","protected":false},"author":1,"featured_media":593,"parent":0,"menu_order":0,"comment_status":"closed","ping_status":"closed","template":"","meta":{"footnotes":""},"class_list":["post-7","page","type-page","status-publish","has-post-thumbnail","hentry"],"_links":{"self":[{"href":"https:\/\/goldschmiede39.de\/F9Rpy2xU4Nk\/wp-json\/wp\/v2\/pages\/7","targetHints":{"allow":["GET"]}}],"collection":[{"href":"https:\/\/goldschmiede39.de\/F9Rpy2xU4Nk\/wp-json\/wp\/v2\/pages"}],"about":[{"href":"https:\/\/goldschmiede39.de\/F9Rpy2xU4Nk\/wp-json\/wp\/v2\/types\/page"}],"author":[{"embeddable":true,"href":"https:\/\/goldschmiede39.de\/F9Rpy2xU4Nk\/wp-json\/wp\/v2\/users\/1"}],"replies":[{"embeddable":true,"href":"https:\/\/goldschmiede39.de\/F9Rpy2xU4Nk\/wp-json\/wp\/v2\/comments?post=7"}],"version-history":[{"count":5,"href":"https:\/\/goldschmiede39.de\/F9Rpy2xU4Nk\/wp-json\/wp\/v2\/pages\/7\/revisions"}],"predecessor-version":[{"id":1262,"href":"https:\/\/goldschmiede39.de\/F9Rpy2xU4Nk\/wp-json\/wp\/v2\/pages\/7\/revisions\/1262"}],"wp:featuredmedia":[{"embeddable":true,"href":"https:\/\/goldschmiede39.de\/F9Rpy2xU4Nk\/wp-json\/wp\/v2\/media\/593"}],"wp:attachment":[{"href":"https:\/\/goldschmiede39.de\/F9Rpy2xU4Nk\/wp-json\/wp\/v2\/media?parent=7"}],"curies":[{"name":"wp","href":"https:\/\/api.w.org\/{rel}","templated":true}]}}