{"id":1014,"date":"2019-12-12T16:29:48","date_gmt":"2019-12-12T15:29:48","guid":{"rendered":"https:\/\/goldschmiede39.de\/F9Rpy2xU4Nk\/?post_type=product&#038;p=1014"},"modified":"2021-03-14T04:56:20","modified_gmt":"2021-03-14T03:56:20","slug":"sonnengott","status":"publish","type":"product","link":"https:\/\/goldschmiede39.de\/F9Rpy2xU4Nk\/produkt\/sonnengott\/","title":{"rendered":"SONNENGOTT"},"content":{"rendered":"<p>960 Platin<br \/>\n900 Gold<\/p>\n<p>geschmiedet + mattiert<\/p>\n<p><strong>SONNENGOTT<\/strong> wird in Ihren Ringgr\u00f6\u00dfen und auf Wunsch mit Innengravur (2 Euro pro Zeichen &#8211; Handgravur) in 2 &#8211; 3 Wochen angefertigt.<br \/>\nUm Ihre Ringgr\u00f6\u00dfen zu ermitteln, bekommen Sie ein Ringma\u00df zugeschickt, das Sie gerne f\u00fcr zuk\u00fcnftige Gr\u00f6\u00dfenermittlungen behalten k\u00f6nnen.<\/p>\n<p>Der Preis gilt f\u00fcr ein Paar Trauringe.<\/p>\n","protected":false},"excerpt":{"rendered":"<p>960 Platin 900 Gold geschmiedet + mattiert SONNENGOTT wird in Ihren Ringgr\u00f6\u00dfen und auf Wunsch mit Innengravur (2 Euro pro Zeichen &#8211; Handgravur) in 2 &#8211; 3 Wochen angefertigt. Um Ihre Ringgr\u00f6\u00dfen zu ermitteln, bekommen Sie ein Ringma\u00df zugeschickt, das Sie gerne f\u00fcr zuk\u00fcnftige Gr\u00f6\u00dfenermittlungen behalten k\u00f6nnen. Der Preis gilt f\u00fcr ein Paar Trauringe.<\/p>\n","protected":false},"featured_media":1015,"comment_status":"open","ping_status":"closed","template":"","meta":[],"product_cat":[32],"product_tag":[73,74,66],"class_list":{"0":"post-1014","1":"product","2":"type-product","3":"status-publish","4":"has-post-thumbnail","6":"product_cat-trauringe","7":"product_tag-ehering","8":"product_tag-hochzeit","9":"product_tag-ring","11":"first","12":"instock","13":"taxable","14":"shipping-taxable","15":"purchasable","16":"product-type-simple"},"_links":{"self":[{"href":"https:\/\/goldschmiede39.de\/F9Rpy2xU4Nk\/wp-json\/wp\/v2\/product\/1014","targetHints":{"allow":["GET"]}}],"collection":[{"href":"https:\/\/goldschmiede39.de\/F9Rpy2xU4Nk\/wp-json\/wp\/v2\/product"}],"about":[{"href":"https:\/\/goldschmiede39.de\/F9Rpy2xU4Nk\/wp-json\/wp\/v2\/types\/product"}],"replies":[{"embeddable":true,"href":"https:\/\/goldschmiede39.de\/F9Rpy2xU4Nk\/wp-json\/wp\/v2\/comments?post=1014"}],"wp:featuredmedia":[{"embeddable":true,"href":"https:\/\/goldschmiede39.de\/F9Rpy2xU4Nk\/wp-json\/wp\/v2\/media\/1015"}],"wp:attachment":[{"href":"https:\/\/goldschmiede39.de\/F9Rpy2xU4Nk\/wp-json\/wp\/v2\/media?parent=1014"}],"wp:term":[{"taxonomy":"product_cat","embeddable":true,"href":"https:\/\/goldschmiede39.de\/F9Rpy2xU4Nk\/wp-json\/wp\/v2\/product_cat?post=1014"},{"taxonomy":"product_tag","embeddable":true,"href":"https:\/\/goldschmiede39.de\/F9Rpy2xU4Nk\/wp-json\/wp\/v2\/product_tag?post=1014"}],"curies":[{"name":"wp","href":"https:\/\/api.w.org\/{rel}","templated":true}]}}