{"id":1147,"date":"2020-01-02T15:26:27","date_gmt":"2020-01-02T14:26:27","guid":{"rendered":"https:\/\/goldschmiede39.de\/F9Rpy2xU4Nk\/?post_type=product&#038;p=1147"},"modified":"2022-02-19T09:15:43","modified_gmt":"2022-02-19T08:15:43","slug":"karree","status":"publish","type":"product","link":"https:\/\/goldschmiede39.de\/F9Rpy2xU4Nk\/produkt\/karree\/","title":{"rendered":"KARREE"},"content":{"rendered":"<p>Sehr sch\u00f6ne und besondere Paarringe, individuell gearbeitet \u2013 handgemacht und f\u00fcr jedes Paar extra angepasst. Silberringe mit 585 Gelb- und Rotgold, einem pinken Turmalin und leicht geschmiedeter Oberfl\u00e4chenstruktur. Die Ringe sind 9 mm breit und 2 mm stark. Alle Ma\u00dfe auf Wunsch ver\u00e4nderbar.<br \/>\nUm Ihre Ringgr\u00f6\u00dfen zu ermitteln, bekommen Sie ein Ringma\u00df zugeschickt, das Sie gerne f\u00fcr zuk\u00fcnftige Gr\u00f6\u00dfenermittlungen behalten k\u00f6nnen.<\/p>\n<p>Die Anfertigung dauert dann 2-3 Wochen.<\/p>\n","protected":false},"excerpt":{"rendered":"<p><img loading=\"lazy\" decoding=\"async\" class=\"alignnone size-medium wp-image-53\" src=\"https:\/\/goldschmiede39.de\/F9Rpy2xU4Nk\/wp-content\/uploads\/2017\/10\/DSC00006-1_resized-300x225.jpg\" alt=\"\" width=\"300\" height=\"225\" \/><\/p>\n","protected":false},"featured_media":1148,"comment_status":"open","ping_status":"closed","template":"","meta":[],"product_cat":[32],"product_tag":[73,74,66],"class_list":{"0":"post-1147","1":"product","2":"type-product","3":"status-publish","4":"has-post-thumbnail","6":"product_cat-trauringe","7":"product_tag-ehering","8":"product_tag-hochzeit","9":"product_tag-ring","11":"first","12":"instock","13":"taxable","14":"shipping-taxable","15":"purchasable","16":"product-type-simple"},"_links":{"self":[{"href":"https:\/\/goldschmiede39.de\/F9Rpy2xU4Nk\/wp-json\/wp\/v2\/product\/1147","targetHints":{"allow":["GET"]}}],"collection":[{"href":"https:\/\/goldschmiede39.de\/F9Rpy2xU4Nk\/wp-json\/wp\/v2\/product"}],"about":[{"href":"https:\/\/goldschmiede39.de\/F9Rpy2xU4Nk\/wp-json\/wp\/v2\/types\/product"}],"replies":[{"embeddable":true,"href":"https:\/\/goldschmiede39.de\/F9Rpy2xU4Nk\/wp-json\/wp\/v2\/comments?post=1147"}],"wp:featuredmedia":[{"embeddable":true,"href":"https:\/\/goldschmiede39.de\/F9Rpy2xU4Nk\/wp-json\/wp\/v2\/media\/1148"}],"wp:attachment":[{"href":"https:\/\/goldschmiede39.de\/F9Rpy2xU4Nk\/wp-json\/wp\/v2\/media?parent=1147"}],"wp:term":[{"taxonomy":"product_cat","embeddable":true,"href":"https:\/\/goldschmiede39.de\/F9Rpy2xU4Nk\/wp-json\/wp\/v2\/product_cat?post=1147"},{"taxonomy":"product_tag","embeddable":true,"href":"https:\/\/goldschmiede39.de\/F9Rpy2xU4Nk\/wp-json\/wp\/v2\/product_tag?post=1147"}],"curies":[{"name":"wp","href":"https:\/\/api.w.org\/{rel}","templated":true}]}}