{"id":1285,"date":"2020-01-11T10:28:23","date_gmt":"2020-01-11T09:28:23","guid":{"rendered":"https:\/\/goldschmiede39.de\/F9Rpy2xU4Nk\/?post_type=product&#038;p=1285"},"modified":"2024-07-13T16:15:53","modified_gmt":"2024-07-13T14:15:53","slug":"seeigel","status":"publish","type":"product","link":"https:\/\/goldschmiede39.de\/F9Rpy2xU4Nk\/produkt\/seeigel\/","title":{"rendered":"SEEIGEL"},"content":{"rendered":"<p>Ring<\/p>\n<p>925 Silber<br \/>\nSilber &#8211; Schale 17,5 mm Durchmesser<br \/>\ngeschw\u00e4rzt und mattiert<br \/>\nGr\u00f6\u00dfe 56, Breite 9 mm, Ringschiene 3 &#8211; 2 mm stark<\/p>\n<p>Ringgr\u00f6\u00dfe kann angepa\u00dft werden, die Weiten\u00e4nderung ist Service<\/p>\n","protected":false},"excerpt":{"rendered":"<p>Ring 925 Silber Silber &#8211; Schale 17,5 mm Durchmesser geschw\u00e4rzt und mattiert Gr\u00f6\u00dfe 56, Breite 9 mm, Ringschiene 3 &#8211; 2 mm stark Ringgr\u00f6\u00dfe kann angepa\u00dft werden, die Weiten\u00e4nderung ist Service<\/p>\n","protected":false},"featured_media":1286,"comment_status":"open","ping_status":"closed","template":"","meta":[],"product_cat":[77],"product_tag":[],"class_list":{"0":"post-1285","1":"product","2":"type-product","3":"status-publish","4":"has-post-thumbnail","6":"product_cat-ringe","8":"first","9":"instock","10":"taxable","11":"shipping-taxable","12":"purchasable","13":"product-type-simple"},"_links":{"self":[{"href":"https:\/\/goldschmiede39.de\/F9Rpy2xU4Nk\/wp-json\/wp\/v2\/product\/1285","targetHints":{"allow":["GET"]}}],"collection":[{"href":"https:\/\/goldschmiede39.de\/F9Rpy2xU4Nk\/wp-json\/wp\/v2\/product"}],"about":[{"href":"https:\/\/goldschmiede39.de\/F9Rpy2xU4Nk\/wp-json\/wp\/v2\/types\/product"}],"replies":[{"embeddable":true,"href":"https:\/\/goldschmiede39.de\/F9Rpy2xU4Nk\/wp-json\/wp\/v2\/comments?post=1285"}],"wp:featuredmedia":[{"embeddable":true,"href":"https:\/\/goldschmiede39.de\/F9Rpy2xU4Nk\/wp-json\/wp\/v2\/media\/1286"}],"wp:attachment":[{"href":"https:\/\/goldschmiede39.de\/F9Rpy2xU4Nk\/wp-json\/wp\/v2\/media?parent=1285"}],"wp:term":[{"taxonomy":"product_cat","embeddable":true,"href":"https:\/\/goldschmiede39.de\/F9Rpy2xU4Nk\/wp-json\/wp\/v2\/product_cat?post=1285"},{"taxonomy":"product_tag","embeddable":true,"href":"https:\/\/goldschmiede39.de\/F9Rpy2xU4Nk\/wp-json\/wp\/v2\/product_tag?post=1285"}],"curies":[{"name":"wp","href":"https:\/\/api.w.org\/{rel}","templated":true}]}}