{"id":1321,"date":"2020-01-14T16:51:59","date_gmt":"2020-01-14T15:51:59","guid":{"rendered":"https:\/\/goldschmiede39.de\/F9Rpy2xU4Nk\/?post_type=product&#038;p=1321"},"modified":"2022-12-01T16:36:02","modified_gmt":"2022-12-01T15:36:02","slug":"petit-2","status":"publish","type":"product","link":"https:\/\/goldschmiede39.de\/F9Rpy2xU4Nk\/produkt\/petit-2\/","title":{"rendered":"PETIT 2"},"content":{"rendered":"<p>Ring<br \/>\n925 Silber<br \/>\n585 Rotgold<br \/>\ngeschw\u00e4rzt und mattiert<br \/>\nGr\u00f6\u00dfe 51, Breite 3,5 &#8211; 4,5 mm, Draht-St\u00e4rke 1 mm<\/p>\n<p>Ringgr\u00f6\u00dfe kann angepa\u00dft werden, die Weiten\u00e4nderung ist Service<\/p>\n","protected":false},"excerpt":{"rendered":"<p>Ring 925 Silber 585 Rotgold geschw\u00e4rzt und mattiert Gr\u00f6\u00dfe 51, Breite 3,5 &#8211; 4,5 mm, Draht-St\u00e4rke 1 mm Ringgr\u00f6\u00dfe kann angepa\u00dft werden, die Weiten\u00e4nderung ist Service<\/p>\n","protected":false},"featured_media":1322,"comment_status":"open","ping_status":"closed","template":"","meta":[],"product_cat":[77],"product_tag":[],"class_list":{"0":"post-1321","1":"product","2":"type-product","3":"status-publish","4":"has-post-thumbnail","6":"product_cat-ringe","8":"first","9":"instock","10":"taxable","11":"shipping-taxable","12":"purchasable","13":"product-type-simple"},"_links":{"self":[{"href":"https:\/\/goldschmiede39.de\/F9Rpy2xU4Nk\/wp-json\/wp\/v2\/product\/1321","targetHints":{"allow":["GET"]}}],"collection":[{"href":"https:\/\/goldschmiede39.de\/F9Rpy2xU4Nk\/wp-json\/wp\/v2\/product"}],"about":[{"href":"https:\/\/goldschmiede39.de\/F9Rpy2xU4Nk\/wp-json\/wp\/v2\/types\/product"}],"replies":[{"embeddable":true,"href":"https:\/\/goldschmiede39.de\/F9Rpy2xU4Nk\/wp-json\/wp\/v2\/comments?post=1321"}],"wp:featuredmedia":[{"embeddable":true,"href":"https:\/\/goldschmiede39.de\/F9Rpy2xU4Nk\/wp-json\/wp\/v2\/media\/1322"}],"wp:attachment":[{"href":"https:\/\/goldschmiede39.de\/F9Rpy2xU4Nk\/wp-json\/wp\/v2\/media?parent=1321"}],"wp:term":[{"taxonomy":"product_cat","embeddable":true,"href":"https:\/\/goldschmiede39.de\/F9Rpy2xU4Nk\/wp-json\/wp\/v2\/product_cat?post=1321"},{"taxonomy":"product_tag","embeddable":true,"href":"https:\/\/goldschmiede39.de\/F9Rpy2xU4Nk\/wp-json\/wp\/v2\/product_tag?post=1321"}],"curies":[{"name":"wp","href":"https:\/\/api.w.org\/{rel}","templated":true}]}}