{"id":1592,"date":"2020-12-15T16:41:26","date_gmt":"2020-12-15T15:41:26","guid":{"rendered":"https:\/\/goldschmiede39.de\/F9Rpy2xU4Nk\/?post_type=product&#038;p=1592"},"modified":"2022-09-27T16:16:18","modified_gmt":"2022-09-27T14:16:18","slug":"sonnenaufgang","status":"publish","type":"product","link":"https:\/\/goldschmiede39.de\/F9Rpy2xU4Nk\/produkt\/sonnenaufgang\/","title":{"rendered":"SONNENAUFGANG"},"content":{"rendered":"<p>585 Gelb-\/+Wei\u00df- Gold<\/p>\n<p>poliert + mattiert<\/p>\n<p><strong>SONNENAUFGANG<\/strong> wird in Ihren Ringgr\u00f6\u00dfen und auf Wunsch mit Innengravur (2 Euro pro Zeichen &#8211; Handgravur) in 2 &#8211; 3 Wochen angefertigt.<br \/>\nUm Ihre Ringgr\u00f6\u00dfen zu ermitteln, bekommen Sie ein Ringma\u00df zugeschickt, das Sie gerne f\u00fcr zuk\u00fcnftige Gr\u00f6\u00dfenermittlungen behalten k\u00f6nnen.<\/p>\n<p>Der Preis gilt f\u00fcr ein Paar Trauringe.<\/p>\n","protected":false},"excerpt":{"rendered":"<p>585 Gelb-\/+Wei\u00df- Gold poliert + mattiert SONNENAUFGANG wird in Ihren Ringgr\u00f6\u00dfen und auf Wunsch mit Innengravur (2 Euro pro Zeichen &#8211; Handgravur) in 2 &#8211; 3 Wochen angefertigt. Um Ihre Ringgr\u00f6\u00dfen zu ermitteln, bekommen Sie ein Ringma\u00df zugeschickt, das Sie gerne f\u00fcr zuk\u00fcnftige Gr\u00f6\u00dfenermittlungen behalten k\u00f6nnen. Der Preis gilt f\u00fcr ein Paar Trauringe.<\/p>\n","protected":false},"featured_media":1593,"comment_status":"open","ping_status":"closed","template":"","meta":[],"product_cat":[32],"product_tag":[73,74,66],"class_list":{"0":"post-1592","1":"product","2":"type-product","3":"status-publish","4":"has-post-thumbnail","6":"product_cat-trauringe","7":"product_tag-ehering","8":"product_tag-hochzeit","9":"product_tag-ring","11":"first","12":"instock","13":"taxable","14":"shipping-taxable","15":"purchasable","16":"product-type-simple"},"_links":{"self":[{"href":"https:\/\/goldschmiede39.de\/F9Rpy2xU4Nk\/wp-json\/wp\/v2\/product\/1592","targetHints":{"allow":["GET"]}}],"collection":[{"href":"https:\/\/goldschmiede39.de\/F9Rpy2xU4Nk\/wp-json\/wp\/v2\/product"}],"about":[{"href":"https:\/\/goldschmiede39.de\/F9Rpy2xU4Nk\/wp-json\/wp\/v2\/types\/product"}],"replies":[{"embeddable":true,"href":"https:\/\/goldschmiede39.de\/F9Rpy2xU4Nk\/wp-json\/wp\/v2\/comments?post=1592"}],"wp:featuredmedia":[{"embeddable":true,"href":"https:\/\/goldschmiede39.de\/F9Rpy2xU4Nk\/wp-json\/wp\/v2\/media\/1593"}],"wp:attachment":[{"href":"https:\/\/goldschmiede39.de\/F9Rpy2xU4Nk\/wp-json\/wp\/v2\/media?parent=1592"}],"wp:term":[{"taxonomy":"product_cat","embeddable":true,"href":"https:\/\/goldschmiede39.de\/F9Rpy2xU4Nk\/wp-json\/wp\/v2\/product_cat?post=1592"},{"taxonomy":"product_tag","embeddable":true,"href":"https:\/\/goldschmiede39.de\/F9Rpy2xU4Nk\/wp-json\/wp\/v2\/product_tag?post=1592"}],"curies":[{"name":"wp","href":"https:\/\/api.w.org\/{rel}","templated":true}]}}