{"id":2534,"date":"2024-12-05T12:09:31","date_gmt":"2024-12-05T11:09:31","guid":{"rendered":"https:\/\/goldschmiede39.de\/F9Rpy2xU4Nk\/?post_type=product&#038;p=2534"},"modified":"2024-12-05T12:12:58","modified_gmt":"2024-12-05T11:12:58","slug":"waldweg","status":"publish","type":"product","link":"https:\/\/goldschmiede39.de\/F9Rpy2xU4Nk\/produkt\/waldweg\/","title":{"rendered":"WALDWEG"},"content":{"rendered":"<p>Ring mit Peridot<br \/>\n585 Rotgold<br \/>\ngeschw\u00e4rzt + mattiert<br \/>\nGr\u00f6\u00dfe 63, Breite 11 mm<\/p>\n<p>Ringgr\u00f6\u00dfe kann angepa\u00dft werden, die Weiten\u00e4nderung ist Service<\/p>\n","protected":false},"excerpt":{"rendered":"<p>Ring mit Peridot 585 Rotgold geschw\u00e4rzt + mattiert Gr\u00f6\u00dfe 63, Breite 11 mm Ringgr\u00f6\u00dfe kann angepa\u00dft werden, die Weiten\u00e4nderung ist Service<\/p>\n","protected":false},"featured_media":2507,"comment_status":"open","ping_status":"closed","template":"","meta":[],"product_cat":[77],"product_tag":[],"class_list":{"0":"post-2534","1":"product","2":"type-product","3":"status-publish","4":"has-post-thumbnail","6":"product_cat-ringe","8":"first","9":"instock","10":"taxable","11":"shipping-taxable","12":"purchasable","13":"product-type-simple"},"_links":{"self":[{"href":"https:\/\/goldschmiede39.de\/F9Rpy2xU4Nk\/wp-json\/wp\/v2\/product\/2534","targetHints":{"allow":["GET"]}}],"collection":[{"href":"https:\/\/goldschmiede39.de\/F9Rpy2xU4Nk\/wp-json\/wp\/v2\/product"}],"about":[{"href":"https:\/\/goldschmiede39.de\/F9Rpy2xU4Nk\/wp-json\/wp\/v2\/types\/product"}],"replies":[{"embeddable":true,"href":"https:\/\/goldschmiede39.de\/F9Rpy2xU4Nk\/wp-json\/wp\/v2\/comments?post=2534"}],"wp:featuredmedia":[{"embeddable":true,"href":"https:\/\/goldschmiede39.de\/F9Rpy2xU4Nk\/wp-json\/wp\/v2\/media\/2507"}],"wp:attachment":[{"href":"https:\/\/goldschmiede39.de\/F9Rpy2xU4Nk\/wp-json\/wp\/v2\/media?parent=2534"}],"wp:term":[{"taxonomy":"product_cat","embeddable":true,"href":"https:\/\/goldschmiede39.de\/F9Rpy2xU4Nk\/wp-json\/wp\/v2\/product_cat?post=2534"},{"taxonomy":"product_tag","embeddable":true,"href":"https:\/\/goldschmiede39.de\/F9Rpy2xU4Nk\/wp-json\/wp\/v2\/product_tag?post=2534"}],"curies":[{"name":"wp","href":"https:\/\/api.w.org\/{rel}","templated":true}]}}