{"id":320,"date":"2017-12-09T18:10:03","date_gmt":"2017-12-09T18:10:03","guid":{"rendered":"https:\/\/goldschmiede39.de\/F9Rpy2xU4Nk\/?post_type=product&#038;p=320"},"modified":"2022-09-27T16:11:34","modified_gmt":"2022-09-27T14:11:34","slug":"rosenrot","status":"publish","type":"product","link":"https:\/\/goldschmiede39.de\/F9Rpy2xU4Nk\/produkt\/rosenrot\/","title":{"rendered":"ROSENROT"},"content":{"rendered":"<p>925 Silber<\/p>\n<p>585 Rot-Gold<\/p>\n<p>geschmiedet + mattiert<\/p>\n<p>Brillant im Damenring<\/p>\n<p><strong>ROSENROT<\/strong> wird in Ihren Ringgr\u00f6\u00dfen und auf Wunsch mit Innengravur (2 Euro pro Zeichen &#8211; Handgravur) in 2 &#8211; 3 Wochen angefertigt.<br \/>\nUm Ihre Ringgr\u00f6\u00dfen zu ermitteln, bekommen Sie ein Ringma\u00df zugeschickt, das Sie gerne f\u00fcr zuk\u00fcnftige Gr\u00f6\u00dfenermittlungen behalten k\u00f6nnen.<\/p>\n<p>Der Preis gilt f\u00fcr ein Paar Trauringe.<\/p>\n","protected":false},"excerpt":{"rendered":"<p>925 Silber 585 Rot-Gold geschmiedet + mattiert Brillant im Damenring ROSENROT wird in Ihren Ringgr\u00f6\u00dfen und auf Wunsch mit Innengravur (2 Euro pro Zeichen &#8211; Handgravur) in 2 &#8211; 3 Wochen angefertigt. Um Ihre Ringgr\u00f6\u00dfen zu ermitteln, bekommen Sie ein Ringma\u00df zugeschickt, das Sie gerne f\u00fcr zuk\u00fcnftige Gr\u00f6\u00dfenermittlungen behalten k\u00f6nnen. Der Preis gilt f\u00fcr ein [&hellip;]<\/p>\n","protected":false},"featured_media":1117,"comment_status":"open","ping_status":"closed","template":"","meta":[],"product_cat":[32],"product_tag":[73,74,66],"class_list":{"0":"post-320","1":"product","2":"type-product","3":"status-publish","4":"has-post-thumbnail","6":"product_cat-trauringe","7":"product_tag-ehering","8":"product_tag-hochzeit","9":"product_tag-ring","11":"first","12":"instock","13":"taxable","14":"shipping-taxable","15":"purchasable","16":"product-type-simple"},"_links":{"self":[{"href":"https:\/\/goldschmiede39.de\/F9Rpy2xU4Nk\/wp-json\/wp\/v2\/product\/320","targetHints":{"allow":["GET"]}}],"collection":[{"href":"https:\/\/goldschmiede39.de\/F9Rpy2xU4Nk\/wp-json\/wp\/v2\/product"}],"about":[{"href":"https:\/\/goldschmiede39.de\/F9Rpy2xU4Nk\/wp-json\/wp\/v2\/types\/product"}],"replies":[{"embeddable":true,"href":"https:\/\/goldschmiede39.de\/F9Rpy2xU4Nk\/wp-json\/wp\/v2\/comments?post=320"}],"wp:featuredmedia":[{"embeddable":true,"href":"https:\/\/goldschmiede39.de\/F9Rpy2xU4Nk\/wp-json\/wp\/v2\/media\/1117"}],"wp:attachment":[{"href":"https:\/\/goldschmiede39.de\/F9Rpy2xU4Nk\/wp-json\/wp\/v2\/media?parent=320"}],"wp:term":[{"taxonomy":"product_cat","embeddable":true,"href":"https:\/\/goldschmiede39.de\/F9Rpy2xU4Nk\/wp-json\/wp\/v2\/product_cat?post=320"},{"taxonomy":"product_tag","embeddable":true,"href":"https:\/\/goldschmiede39.de\/F9Rpy2xU4Nk\/wp-json\/wp\/v2\/product_tag?post=320"}],"curies":[{"name":"wp","href":"https:\/\/api.w.org\/{rel}","templated":true}]}}