{"id":348,"date":"2017-12-10T14:18:36","date_gmt":"2017-12-10T14:18:36","guid":{"rendered":"https:\/\/goldschmiede39.de\/F9Rpy2xU4Nk\/?post_type=product&#038;p=348"},"modified":"2022-11-05T16:48:15","modified_gmt":"2022-11-05T15:48:15","slug":"ring-3","status":"publish","type":"product","link":"https:\/\/goldschmiede39.de\/F9Rpy2xU4Nk\/produkt\/ring-3\/","title":{"rendered":"RING"},"content":{"rendered":"<p>935 Silber<\/p>\n<p>geschw\u00e4rzt<\/p>\n<p>mit Diamantwolle mattiert<\/p>\n<p>Ringgr\u00f6\u00dfe 56; Breite 11\/9 mm<\/p>\n<p>&nbsp;<\/p>\n<div style=\"width: 512px;\" class=\"wp-video\"><video class=\"wp-video-shortcode\" id=\"video-348-1\" width=\"512\" height=\"512\" preload=\"metadata\" controls=\"controls\"><source type=\"video\/mp4\" src=\"https:\/\/goldschmiede39.de\/F9Rpy2xU4Nk\/wp-content\/uploads\/2017\/12\/5-zwilling_5737-1.mp4?_=1\" \/><a href=\"https:\/\/goldschmiede39.de\/F9Rpy2xU4Nk\/wp-content\/uploads\/2017\/12\/5-zwilling_5737-1.mp4\">https:\/\/goldschmiede39.de\/F9Rpy2xU4Nk\/wp-content\/uploads\/2017\/12\/5-zwilling_5737-1.mp4<\/a><\/video><\/div>\n","protected":false},"excerpt":{"rendered":"<p>935 Silber geschw\u00e4rzt mit Diamantwolle mattiert Ringgr\u00f6\u00dfe 56; Breite 11\/9 mm &nbsp;<\/p>\n","protected":false},"featured_media":1535,"comment_status":"open","ping_status":"closed","template":"","meta":[],"product_cat":[40],"product_tag":[66],"class_list":{"0":"post-348","1":"product","2":"type-product","3":"status-publish","4":"has-post-thumbnail","6":"product_cat-zwillinge","7":"product_tag-ring","9":"first","10":"instock","11":"taxable","12":"shipping-taxable","13":"purchasable","14":"product-type-simple"},"_links":{"self":[{"href":"https:\/\/goldschmiede39.de\/F9Rpy2xU4Nk\/wp-json\/wp\/v2\/product\/348","targetHints":{"allow":["GET"]}}],"collection":[{"href":"https:\/\/goldschmiede39.de\/F9Rpy2xU4Nk\/wp-json\/wp\/v2\/product"}],"about":[{"href":"https:\/\/goldschmiede39.de\/F9Rpy2xU4Nk\/wp-json\/wp\/v2\/types\/product"}],"replies":[{"embeddable":true,"href":"https:\/\/goldschmiede39.de\/F9Rpy2xU4Nk\/wp-json\/wp\/v2\/comments?post=348"}],"wp:featuredmedia":[{"embeddable":true,"href":"https:\/\/goldschmiede39.de\/F9Rpy2xU4Nk\/wp-json\/wp\/v2\/media\/1535"}],"wp:attachment":[{"href":"https:\/\/goldschmiede39.de\/F9Rpy2xU4Nk\/wp-json\/wp\/v2\/media?parent=348"}],"wp:term":[{"taxonomy":"product_cat","embeddable":true,"href":"https:\/\/goldschmiede39.de\/F9Rpy2xU4Nk\/wp-json\/wp\/v2\/product_cat?post=348"},{"taxonomy":"product_tag","embeddable":true,"href":"https:\/\/goldschmiede39.de\/F9Rpy2xU4Nk\/wp-json\/wp\/v2\/product_tag?post=348"}],"curies":[{"name":"wp","href":"https:\/\/api.w.org\/{rel}","templated":true}]}}