{"id":52,"date":"2017-10-17T16:42:40","date_gmt":"2017-10-17T16:42:40","guid":{"rendered":"https:\/\/goldschmiede39.de\/F9Rpy2xU4Nk\/?post_type=product&#038;p=52"},"modified":"2022-09-27T15:15:25","modified_gmt":"2022-09-27T13:15:25","slug":"unikat-trauringe-leben","status":"publish","type":"product","link":"https:\/\/goldschmiede39.de\/F9Rpy2xU4Nk\/produkt\/unikat-trauringe-leben\/","title":{"rendered":"LEBEN"},"content":{"rendered":"<p align=\"LEFT\"><span style=\"color: #3b3938;\"><span style=\"font-family: Arial, sans-serif;\"><span style=\"font-size: small;\">Sehr sch\u00f6ne und besondere Trauringe, individuell gearbeitet \u2013 handgemacht und f\u00fcr jedes Paar extra angepasst. Silberringe mit pers\u00f6nlichem Fingerabdruck des Partners. Der Damenring hat ein Rotgoldst\u00fcck in der Mitte. Die Ringe sind 5 und 6 mm breit und 2 mm stark. Ich habe die Ringschiene innen abgerundet\/bombiert, so dass die Ringe sehr tragefreundlich sind. Alle Ma\u00dfe auf Wunsch.<br \/>\nUm Ihre Ringgr\u00f6\u00dfen zu ermitteln, bekommen Sie ein Ringma\u00df zugeschickt, das Sie gerne f\u00fcr zuk\u00fcnftige Gr\u00f6\u00dfenermittlungen behalten k\u00f6nnen.<br \/>\nF\u00fcr die Fingerabdr\u00fccke m\u00fcssen Sie mir, mit Hilfe eines Stempelkissen z.B. auf einem Notizzettel, den eigenen und den von ihrem\/r Partner\/-in gut erkennbaren Fingerabdruck, zusenden. Ich suche mir dann den besten von mehreren aus!<br \/>\nDie Anfertigung dauert dann 2-3 Wochen.<\/span><\/span><\/span><\/p>\n","protected":false},"excerpt":{"rendered":"<p><img loading=\"lazy\" decoding=\"async\" class=\"alignnone size-medium wp-image-53\" src=\"https:\/\/goldschmiede39.de\/F9Rpy2xU4Nk\/wp-content\/uploads\/2017\/10\/DSC00006-1_resized-300x225.jpg\" alt=\"\" width=\"300\" height=\"225\" \/><\/p>\n","protected":false},"featured_media":1129,"comment_status":"open","ping_status":"closed","template":"","meta":[],"product_cat":[32],"product_tag":[73,74,66],"class_list":{"0":"post-52","1":"product","2":"type-product","3":"status-publish","4":"has-post-thumbnail","6":"product_cat-trauringe","7":"product_tag-ehering","8":"product_tag-hochzeit","9":"product_tag-ring","11":"first","12":"instock","13":"taxable","14":"shipping-taxable","15":"purchasable","16":"product-type-simple"},"_links":{"self":[{"href":"https:\/\/goldschmiede39.de\/F9Rpy2xU4Nk\/wp-json\/wp\/v2\/product\/52","targetHints":{"allow":["GET"]}}],"collection":[{"href":"https:\/\/goldschmiede39.de\/F9Rpy2xU4Nk\/wp-json\/wp\/v2\/product"}],"about":[{"href":"https:\/\/goldschmiede39.de\/F9Rpy2xU4Nk\/wp-json\/wp\/v2\/types\/product"}],"replies":[{"embeddable":true,"href":"https:\/\/goldschmiede39.de\/F9Rpy2xU4Nk\/wp-json\/wp\/v2\/comments?post=52"}],"wp:featuredmedia":[{"embeddable":true,"href":"https:\/\/goldschmiede39.de\/F9Rpy2xU4Nk\/wp-json\/wp\/v2\/media\/1129"}],"wp:attachment":[{"href":"https:\/\/goldschmiede39.de\/F9Rpy2xU4Nk\/wp-json\/wp\/v2\/media?parent=52"}],"wp:term":[{"taxonomy":"product_cat","embeddable":true,"href":"https:\/\/goldschmiede39.de\/F9Rpy2xU4Nk\/wp-json\/wp\/v2\/product_cat?post=52"},{"taxonomy":"product_tag","embeddable":true,"href":"https:\/\/goldschmiede39.de\/F9Rpy2xU4Nk\/wp-json\/wp\/v2\/product_tag?post=52"}],"curies":[{"name":"wp","href":"https:\/\/api.w.org\/{rel}","templated":true}]}}