{"id":661,"date":"2018-04-11T17:01:36","date_gmt":"2018-04-11T17:01:36","guid":{"rendered":"https:\/\/goldschmiede39.de\/F9Rpy2xU4Nk\/?post_type=product&#038;p=661"},"modified":"2018-05-25T11:17:17","modified_gmt":"2018-05-25T11:17:17","slug":"ring-12","status":"publish","type":"product","link":"https:\/\/goldschmiede39.de\/F9Rpy2xU4Nk\/produkt\/ring-12\/","title":{"rendered":"Ring"},"content":{"rendered":"<p>925 Silber<\/p>\n<p>geschw\u00e4rzt<\/p>\n<p>mit Diamantwolle mattiert<\/p>\n<p>Ringgr\u00f6\u00dfe 58; Breite 15\/12 mm<\/p>\n<p>&nbsp;<\/p>\n<p>&nbsp;<\/p>\n<div style=\"width: 512px;\" class=\"wp-video\"><video class=\"wp-video-shortcode\" id=\"video-661-1\" width=\"512\" height=\"512\" preload=\"metadata\" controls=\"controls\"><source type=\"video\/mp4\" src=\"https:\/\/goldschmiede39.de\/F9Rpy2xU4Nk\/wp-content\/uploads\/2018\/04\/10-skorpion_5734-1.mp4?_=1\" \/><a href=\"https:\/\/goldschmiede39.de\/F9Rpy2xU4Nk\/wp-content\/uploads\/2018\/04\/10-skorpion_5734-1.mp4\">https:\/\/goldschmiede39.de\/F9Rpy2xU4Nk\/wp-content\/uploads\/2018\/04\/10-skorpion_5734-1.mp4<\/a><\/video><\/div>\n","protected":false},"excerpt":{"rendered":"<p>925 Silber geschw\u00e4rzt mit Diamantwolle mattiert Ringgr\u00f6\u00dfe 58; Breite 15\/12 mm &nbsp; &nbsp;<\/p>\n","protected":false},"featured_media":662,"comment_status":"open","ping_status":"closed","template":"","meta":[],"product_cat":[45],"product_tag":[],"class_list":{"0":"post-661","1":"product","2":"type-product","3":"status-publish","4":"has-post-thumbnail","6":"product_cat-skorpion","8":"first","9":"instock","10":"taxable","11":"shipping-taxable","12":"purchasable","13":"product-type-simple"},"_links":{"self":[{"href":"https:\/\/goldschmiede39.de\/F9Rpy2xU4Nk\/wp-json\/wp\/v2\/product\/661","targetHints":{"allow":["GET"]}}],"collection":[{"href":"https:\/\/goldschmiede39.de\/F9Rpy2xU4Nk\/wp-json\/wp\/v2\/product"}],"about":[{"href":"https:\/\/goldschmiede39.de\/F9Rpy2xU4Nk\/wp-json\/wp\/v2\/types\/product"}],"replies":[{"embeddable":true,"href":"https:\/\/goldschmiede39.de\/F9Rpy2xU4Nk\/wp-json\/wp\/v2\/comments?post=661"}],"wp:featuredmedia":[{"embeddable":true,"href":"https:\/\/goldschmiede39.de\/F9Rpy2xU4Nk\/wp-json\/wp\/v2\/media\/662"}],"wp:attachment":[{"href":"https:\/\/goldschmiede39.de\/F9Rpy2xU4Nk\/wp-json\/wp\/v2\/media?parent=661"}],"wp:term":[{"taxonomy":"product_cat","embeddable":true,"href":"https:\/\/goldschmiede39.de\/F9Rpy2xU4Nk\/wp-json\/wp\/v2\/product_cat?post=661"},{"taxonomy":"product_tag","embeddable":true,"href":"https:\/\/goldschmiede39.de\/F9Rpy2xU4Nk\/wp-json\/wp\/v2\/product_tag?post=661"}],"curies":[{"name":"wp","href":"https:\/\/api.w.org\/{rel}","templated":true}]}}