{"id":70,"date":"2017-10-17T17:01:41","date_gmt":"2017-10-17T17:01:41","guid":{"rendered":"https:\/\/goldschmiede39.de\/F9Rpy2xU4Nk\/?post_type=product&#038;p=70"},"modified":"2022-09-26T17:17:20","modified_gmt":"2022-09-26T15:17:20","slug":"karo","status":"publish","type":"product","link":"https:\/\/goldschmiede39.de\/F9Rpy2xU4Nk\/produkt\/karo\/","title":{"rendered":"KARO"},"content":{"rendered":"<p align=\"LEFT\"><span style=\"color: #3b3938;\"><span style=\"font-family: Arial, sans-serif;\"><span style=\"font-size: small;\">Sehr sch\u00f6ne und besondere Trauringe \u2013 handgemacht und f\u00fcr jedes Paar angepasst. Die 925 Silberringe mit aufgel\u00f6teten 585 Gelbgold-Rechtecken sind 7 mm breit und ca. 2 mm dick. Ich habe die Ringschiene innen abgerundet\/bombiert, so dass die Ringe sehr tragefreundlich sind. Alle Ma\u00dfe auf Wunsch.<br \/>\nUm Ihre Ringgr\u00f6\u00dfen zu ermitteln, bekommen Sie ein Ringma\u00df zugeschickt, das Sie gerne f\u00fcr zuk\u00fcnftige Gr\u00f6\u00dfenermittlungen behalten k\u00f6nnen.<br \/>\nDie Anfertigung dauert 2 &#8211; 3 Wochen.<br \/>\nDer Preis gilt f\u00fcr das Paar Trauringe.<br \/>\nAndere Legierungen sind m\u00f6glich, Breite und St\u00e4rke k\u00f6nnen ver\u00e4ndert, Preise erfragen.<\/span><\/span><\/span><\/p>\n","protected":false},"excerpt":{"rendered":"<p>Sehr sch\u00f6ne und besondere Trauringe \u2013 handgemacht und f\u00fcr jedes Paar angepasst. Die 925 Silberringe mit aufgel\u00f6teten 585 Gelbgold-Rechtecken sind 7 mm breit und ca. 2 mm dick. Ich habe die Ringschiene innen abgerundet\/bombiert, so dass die Ringe sehr tragefreundlich sind. Alle Ma\u00dfe auf Wunsch. Um Ihre Ringgr\u00f6\u00dfen zu ermitteln, bekommen Sie ein Ringma\u00df zugeschickt, [&hellip;]<\/p>\n","protected":false},"featured_media":1130,"comment_status":"open","ping_status":"closed","template":"","meta":[],"product_cat":[32],"product_tag":[73,74,66],"class_list":{"0":"post-70","1":"product","2":"type-product","3":"status-publish","4":"has-post-thumbnail","6":"product_cat-trauringe","7":"product_tag-ehering","8":"product_tag-hochzeit","9":"product_tag-ring","11":"first","12":"instock","13":"taxable","14":"shipping-taxable","15":"purchasable","16":"product-type-simple"},"_links":{"self":[{"href":"https:\/\/goldschmiede39.de\/F9Rpy2xU4Nk\/wp-json\/wp\/v2\/product\/70","targetHints":{"allow":["GET"]}}],"collection":[{"href":"https:\/\/goldschmiede39.de\/F9Rpy2xU4Nk\/wp-json\/wp\/v2\/product"}],"about":[{"href":"https:\/\/goldschmiede39.de\/F9Rpy2xU4Nk\/wp-json\/wp\/v2\/types\/product"}],"replies":[{"embeddable":true,"href":"https:\/\/goldschmiede39.de\/F9Rpy2xU4Nk\/wp-json\/wp\/v2\/comments?post=70"}],"wp:featuredmedia":[{"embeddable":true,"href":"https:\/\/goldschmiede39.de\/F9Rpy2xU4Nk\/wp-json\/wp\/v2\/media\/1130"}],"wp:attachment":[{"href":"https:\/\/goldschmiede39.de\/F9Rpy2xU4Nk\/wp-json\/wp\/v2\/media?parent=70"}],"wp:term":[{"taxonomy":"product_cat","embeddable":true,"href":"https:\/\/goldschmiede39.de\/F9Rpy2xU4Nk\/wp-json\/wp\/v2\/product_cat?post=70"},{"taxonomy":"product_tag","embeddable":true,"href":"https:\/\/goldschmiede39.de\/F9Rpy2xU4Nk\/wp-json\/wp\/v2\/product_tag?post=70"}],"curies":[{"name":"wp","href":"https:\/\/api.w.org\/{rel}","templated":true}]}}