{"id":743,"date":"2018-05-25T11:28:40","date_gmt":"2018-05-25T11:28:40","guid":{"rendered":"https:\/\/goldschmiede39.de\/F9Rpy2xU4Nk\/?post_type=product&#038;p=743"},"modified":"2024-07-17T18:00:06","modified_gmt":"2024-07-17T16:00:06","slug":"charakterkopf-1","status":"publish","type":"product","link":"https:\/\/goldschmiede39.de\/F9Rpy2xU4Nk\/produkt\/charakterkopf-1\/","title":{"rendered":"HERRMANN in Silber mit gro\u00dfer Schlaufe und Silberkette"},"content":{"rendered":"<ol>\n<li>Sie wollen Ihren Liebling immer bei sich tragen?<br \/>\nSchicken Sie uns ein Foto von ihm oder ihr.<\/li>\n<\/ol>\n<p>Das Foto wird in 925 Silber \u00fcbertragen, ausges\u00e4gt und aufgel\u00f6tet.<br \/>\nDer Portr\u00e4t-Anh\u00e4nger hat je nach Wunsch einen Durchmesser von 2 bis 3,5 cm.<\/p>\n<p>Dazu gibt es die passende Kette.<\/p>\n<p>Das hier ist ein Beispiel.<\/p>\n","protected":false},"excerpt":{"rendered":"<p>Sie wollen Ihren Liebling immer bei sich tragen? Schicken Sie uns ein Foto von ihm oder ihr. Das Foto wird in 925 Silber \u00fcbertragen, ausges\u00e4gt und aufgel\u00f6tet. Der Portr\u00e4t-Anh\u00e4nger hat je nach Wunsch einen Durchmesser von 2 bis 3,5 cm. Dazu gibt es die passende Kette. Das hier ist ein Beispiel.<\/p>\n","protected":false},"featured_media":738,"comment_status":"open","ping_status":"closed","template":"","meta":[],"product_cat":[83],"product_tag":[],"class_list":{"0":"post-743","1":"product","2":"type-product","3":"status-publish","4":"has-post-thumbnail","6":"product_cat-portraet","8":"first","9":"instock","10":"taxable","11":"shipping-taxable","12":"purchasable","13":"product-type-simple"},"_links":{"self":[{"href":"https:\/\/goldschmiede39.de\/F9Rpy2xU4Nk\/wp-json\/wp\/v2\/product\/743","targetHints":{"allow":["GET"]}}],"collection":[{"href":"https:\/\/goldschmiede39.de\/F9Rpy2xU4Nk\/wp-json\/wp\/v2\/product"}],"about":[{"href":"https:\/\/goldschmiede39.de\/F9Rpy2xU4Nk\/wp-json\/wp\/v2\/types\/product"}],"replies":[{"embeddable":true,"href":"https:\/\/goldschmiede39.de\/F9Rpy2xU4Nk\/wp-json\/wp\/v2\/comments?post=743"}],"wp:featuredmedia":[{"embeddable":true,"href":"https:\/\/goldschmiede39.de\/F9Rpy2xU4Nk\/wp-json\/wp\/v2\/media\/738"}],"wp:attachment":[{"href":"https:\/\/goldschmiede39.de\/F9Rpy2xU4Nk\/wp-json\/wp\/v2\/media?parent=743"}],"wp:term":[{"taxonomy":"product_cat","embeddable":true,"href":"https:\/\/goldschmiede39.de\/F9Rpy2xU4Nk\/wp-json\/wp\/v2\/product_cat?post=743"},{"taxonomy":"product_tag","embeddable":true,"href":"https:\/\/goldschmiede39.de\/F9Rpy2xU4Nk\/wp-json\/wp\/v2\/product_tag?post=743"}],"curies":[{"name":"wp","href":"https:\/\/api.w.org\/{rel}","templated":true}]}}